{"id":2246,"date":"2020-06-04T13:13:01","date_gmt":"2020-06-04T12:13:01","guid":{"rendered":"http:\/\/www.zkszg-bfs.ch\/?page_id=2246"},"modified":"2020-06-04T13:23:58","modified_gmt":"2020-06-04T12:23:58","slug":"alp-soemmerigsroos","status":"publish","type":"page","link":"https:\/\/www.zkszg-bfs.ch\/?page_id=2246","title":{"rendered":"Alp S\u00f6mmerigsroos"},"content":{"rendered":"\n<p>Die Z\u00fcrcher Kantonale Schafzuchtgenossenschaft best\u00f6sst seit dem Jahr 2019 die Alp S\u00f6mmerigsroos im W\u00e4gital, nahe dem Ch\u00f6pfenberg. Auf der steilen, jedoch sch\u00f6nen Alp, k\u00f6nnen 50-70 Schafe ges\u00f6mmert werden. Es befinden sich fast ausschlieslich Tiere der Rasse BFS auf der Alp S\u00f6mmerigsroos. Der Fussmarsch vom Ramseli (befahren der Zufahrtsstrasse nur mit Bewilligung)  zur Alp dauert ca. eine Stunde.<\/p>\n\n\n\n<div style=\"height:30px\" aria-hidden=\"true\" class=\"wp-block-spacer\"><\/div>\n\n\n\n<figure class=\"wp-block-image size-large is-resized\"><img loading=\"lazy\" decoding=\"async\" src=\"http:\/\/www.zkszg-bfs.ch\/wp-content\/uploads\/2020\/06\/IMG_20190810_170847-1024x768.jpg\" alt=\"\" class=\"wp-image-2249\" width=\"622\" height=\"466\" srcset=\"https:\/\/www.zkszg-bfs.ch\/wp-content\/uploads\/2020\/06\/IMG_20190810_170847-1024x768.jpg 1024w, https:\/\/www.zkszg-bfs.ch\/wp-content\/uploads\/2020\/06\/IMG_20190810_170847-300x225.jpg 300w, https:\/\/www.zkszg-bfs.ch\/wp-content\/uploads\/2020\/06\/IMG_20190810_170847-768x576.jpg 768w, https:\/\/www.zkszg-bfs.ch\/wp-content\/uploads\/2020\/06\/IMG_20190810_170847-1536x1152.jpg 1536w, https:\/\/www.zkszg-bfs.ch\/wp-content\/uploads\/2020\/06\/IMG_20190810_170847-2048x1536.jpg 2048w, https:\/\/www.zkszg-bfs.ch\/wp-content\/uploads\/2020\/06\/IMG_20190810_170847-624x468.jpg 624w, https:\/\/www.zkszg-bfs.ch\/wp-content\/uploads\/2020\/06\/IMG_20190810_170847-240x180.jpg 240w, https:\/\/www.zkszg-bfs.ch\/wp-content\/uploads\/2020\/06\/IMG_20190810_170847-640x480.jpg 640w\" sizes=\"auto, (max-width: 622px) 100vw, 622px\" \/><figcaption>Oberer Teil der Alp S\u00f6mmerigsroos<\/figcaption><\/figure>\n\n\n\n<figure class=\"wp-block-image size-large is-resized\"><img loading=\"lazy\" decoding=\"async\" src=\"http:\/\/www.zkszg-bfs.ch\/wp-content\/uploads\/2020\/06\/IMG_20190810_161614-1024x768.jpg\" alt=\"\" class=\"wp-image-2248\" width=\"620\" height=\"464\" srcset=\"https:\/\/www.zkszg-bfs.ch\/wp-content\/uploads\/2020\/06\/IMG_20190810_161614-1024x768.jpg 1024w, https:\/\/www.zkszg-bfs.ch\/wp-content\/uploads\/2020\/06\/IMG_20190810_161614-300x225.jpg 300w, https:\/\/www.zkszg-bfs.ch\/wp-content\/uploads\/2020\/06\/IMG_20190810_161614-768x576.jpg 768w, https:\/\/www.zkszg-bfs.ch\/wp-content\/uploads\/2020\/06\/IMG_20190810_161614-1536x1152.jpg 1536w, https:\/\/www.zkszg-bfs.ch\/wp-content\/uploads\/2020\/06\/IMG_20190810_161614-2048x1536.jpg 2048w, https:\/\/www.zkszg-bfs.ch\/wp-content\/uploads\/2020\/06\/IMG_20190810_161614-624x468.jpg 624w, https:\/\/www.zkszg-bfs.ch\/wp-content\/uploads\/2020\/06\/IMG_20190810_161614-240x180.jpg 240w, https:\/\/www.zkszg-bfs.ch\/wp-content\/uploads\/2020\/06\/IMG_20190810_161614-640x480.jpg 640w\" sizes=\"auto, (max-width: 620px) 100vw, 620px\" \/><figcaption>Unterer Teil der Alp S\u00f6mmerigsroos<\/figcaption><\/figure>\n","protected":false},"excerpt":{"rendered":"<p>Die Z\u00fcrcher Kantonale Schafzuchtgenossenschaft best\u00f6sst seit dem Jahr 2019 die Alp S\u00f6mmerigsroos im W\u00e4gital, nahe dem Ch\u00f6pfenberg. Auf der steilen, jedoch sch\u00f6nen Alp, k\u00f6nnen 50-70 Schafe ges\u00f6mmert werden. Es befinden&#8230; <a href=\"https:\/\/www.zkszg-bfs.ch\/?page_id=2246\">Read more &raquo;<\/a><\/p>\n","protected":false},"author":1,"featured_media":0,"parent":0,"menu_order":0,"comment_status":"closed","ping_status":"closed","template":"","meta":{"ngg_post_thumbnail":0,"footnotes":""},"class_list":["post-2246","page","type-page","status-publish","hentry"],"_links":{"self":[{"href":"https:\/\/www.zkszg-bfs.ch\/index.php?rest_route=\/wp\/v2\/pages\/2246","targetHints":{"allow":["GET"]}}],"collection":[{"href":"https:\/\/www.zkszg-bfs.ch\/index.php?rest_route=\/wp\/v2\/pages"}],"about":[{"href":"https:\/\/www.zkszg-bfs.ch\/index.php?rest_route=\/wp\/v2\/types\/page"}],"author":[{"embeddable":true,"href":"https:\/\/www.zkszg-bfs.ch\/index.php?rest_route=\/wp\/v2\/users\/1"}],"replies":[{"embeddable":true,"href":"https:\/\/www.zkszg-bfs.ch\/index.php?rest_route=%2Fwp%2Fv2%2Fcomments&post=2246"}],"version-history":[{"count":5,"href":"https:\/\/www.zkszg-bfs.ch\/index.php?rest_route=\/wp\/v2\/pages\/2246\/revisions"}],"predecessor-version":[{"id":2259,"href":"https:\/\/www.zkszg-bfs.ch\/index.php?rest_route=\/wp\/v2\/pages\/2246\/revisions\/2259"}],"wp:attachment":[{"href":"https:\/\/www.zkszg-bfs.ch\/index.php?rest_route=%2Fwp%2Fv2%2Fmedia&parent=2246"}],"curies":[{"name":"wp","href":"https:\/\/api.w.org\/{rel}","templated":true}]}}