{"id":2252,"date":"2020-06-04T13:17:13","date_gmt":"2020-06-04T12:17:13","guid":{"rendered":"http:\/\/www.zkszg-bfs.ch\/?page_id=2252"},"modified":"2020-06-04T13:27:59","modified_gmt":"2020-06-04T12:27:59","slug":"alp","status":"publish","type":"page","link":"https:\/\/www.zkszg-bfs.ch\/?page_id=2252","title":{"rendered":"Alp"},"content":{"rendered":"\n<p>Die Z\u00fcrcher Kantonale Schafzuchtgenossenschaft hat zwei Alpen gepachtet.<\/p>\n\n\n\n<p>Die <a href=\"http:\/\/www.zkszg-bfs.ch\/?page_id=393\">Alp Ramuz<\/a> im Taminatal, nahe V\u00e4ttis, im Grenzgebiet der Kantone St. Gallen und Graub\u00fcnden<\/p>\n\n\n\n<p>Die <a href=\"http:\/\/www.zkszg-bfs.ch\/?page_id=2246\">Alp S\u00f6mmerigsroos<\/a> im Kanton Schwyz<\/p>\n\n\n\n<p><\/p>\n","protected":false},"excerpt":{"rendered":"<p>Die Z\u00fcrcher Kantonale Schafzuchtgenossenschaft hat zwei Alpen gepachtet. Die Alp Ramuz im Taminatal, nahe V\u00e4ttis, im Grenzgebiet der Kantone St. Gallen und Graub\u00fcnden Die Alp S\u00f6mmerigsroos im Kanton Schwyz<\/p>\n","protected":false},"author":1,"featured_media":0,"parent":0,"menu_order":0,"comment_status":"closed","ping_status":"closed","template":"","meta":{"ngg_post_thumbnail":0,"footnotes":""},"class_list":["post-2252","page","type-page","status-publish","hentry"],"_links":{"self":[{"href":"https:\/\/www.zkszg-bfs.ch\/index.php?rest_route=\/wp\/v2\/pages\/2252","targetHints":{"allow":["GET"]}}],"collection":[{"href":"https:\/\/www.zkszg-bfs.ch\/index.php?rest_route=\/wp\/v2\/pages"}],"about":[{"href":"https:\/\/www.zkszg-bfs.ch\/index.php?rest_route=\/wp\/v2\/types\/page"}],"author":[{"embeddable":true,"href":"https:\/\/www.zkszg-bfs.ch\/index.php?rest_route=\/wp\/v2\/users\/1"}],"replies":[{"embeddable":true,"href":"https:\/\/www.zkszg-bfs.ch\/index.php?rest_route=%2Fwp%2Fv2%2Fcomments&post=2252"}],"version-history":[{"count":2,"href":"https:\/\/www.zkszg-bfs.ch\/index.php?rest_route=\/wp\/v2\/pages\/2252\/revisions"}],"predecessor-version":[{"id":2261,"href":"https:\/\/www.zkszg-bfs.ch\/index.php?rest_route=\/wp\/v2\/pages\/2252\/revisions\/2261"}],"wp:attachment":[{"href":"https:\/\/www.zkszg-bfs.ch\/index.php?rest_route=%2Fwp%2Fv2%2Fmedia&parent=2252"}],"curies":[{"name":"wp","href":"https:\/\/api.w.org\/{rel}","templated":true}]}}