{"id":39,"date":"2017-01-06T19:26:19","date_gmt":"2017-01-06T18:26:19","guid":{"rendered":"http:\/\/www.zkszg-bfs.ch\/?page_id=39"},"modified":"2019-02-28T19:26:01","modified_gmt":"2019-02-28T18:26:01","slug":"herzlich-wilkommen","status":"publish","type":"page","link":"https:\/\/www.zkszg-bfs.ch\/","title":{"rendered":"Herzlich Willkommen!"},"content":{"rendered":"<p>Die Z\u00fcrcher Kantonale Schafzuchtgenossenschaft BFS hat seit ihrer Gr\u00fcndung im Jahr 1942 zum Ziel die F\u00f6rderung der Schafzucht im Kanton Z\u00fcrich. Dabei konzentrieren wir uns schwerpunktm\u00e4ssig auf das braunk\u00f6pfige Fleischschaf (BFS).<\/p>\n<p>Die wichtigsten Vereinsaktivit\u00e4ten sind die Bewirtschaftung und Pflege der S\u00f6mmerungsweide Alp Ramuz, Tamins (GR), sowie der Alp S\u00f6mmerungsroos im W\u00e4gital (SZ), die Beteiligung am interkantonalen Schafmarkt in Uster und die Organisation der j\u00e4hrlichen BFS-Best\u00e4ndeschau.<\/p>\n<p>Selbstverst\u00e4ndlich ist auch die Pflege der Gemeinschaft und der gegenseitige Erfahrungsaustausch wichtige Aufgaben unseres Vereines.&nbsp;<\/p>\n<p><a href=\"http:\/\/www.zkszg-bfs.ch\/wp-content\/uploads\/2017\/01\/20090918_0120-1122.jpg\"><img loading=\"lazy\" decoding=\"async\" class=\"alignnone size-large wp-image-302\" src=\"http:\/\/www.zkszg-bfs.ch\/wp-content\/uploads\/2017\/01\/20090918_0120-1122-1024x679.jpg\" alt=\"\" width=\"625\" height=\"414\" srcset=\"https:\/\/www.zkszg-bfs.ch\/wp-content\/uploads\/2017\/01\/20090918_0120-1122-1024x679.jpg 1024w, https:\/\/www.zkszg-bfs.ch\/wp-content\/uploads\/2017\/01\/20090918_0120-1122-300x199.jpg 300w, https:\/\/www.zkszg-bfs.ch\/wp-content\/uploads\/2017\/01\/20090918_0120-1122-768x509.jpg 768w, https:\/\/www.zkszg-bfs.ch\/wp-content\/uploads\/2017\/01\/20090918_0120-1122-624x414.jpg 624w\" sizes=\"auto, (max-width: 625px) 100vw, 625px\" \/><\/a><\/p>\n","protected":false},"excerpt":{"rendered":"<p>Die Z\u00fcrcher Kantonale Schafzuchtgenossenschaft BFS hat seit ihrer Gr\u00fcndung im Jahr 1942 zum Ziel die F\u00f6rderung der Schafzucht im Kanton Z\u00fcrich. Dabei konzentrieren wir uns schwerpunktm\u00e4ssig auf das braunk\u00f6pfige Fleischschaf&#8230; <a href=\"https:\/\/www.zkszg-bfs.ch\/\">Read more &raquo;<\/a><\/p>\n","protected":false},"author":1,"featured_media":0,"parent":0,"menu_order":0,"comment_status":"closed","ping_status":"closed","template":"","meta":{"ngg_post_thumbnail":0,"footnotes":""},"class_list":["post-39","page","type-page","status-publish","hentry"],"_links":{"self":[{"href":"https:\/\/www.zkszg-bfs.ch\/index.php?rest_route=\/wp\/v2\/pages\/39","targetHints":{"allow":["GET"]}}],"collection":[{"href":"https:\/\/www.zkszg-bfs.ch\/index.php?rest_route=\/wp\/v2\/pages"}],"about":[{"href":"https:\/\/www.zkszg-bfs.ch\/index.php?rest_route=\/wp\/v2\/types\/page"}],"author":[{"embeddable":true,"href":"https:\/\/www.zkszg-bfs.ch\/index.php?rest_route=\/wp\/v2\/users\/1"}],"replies":[{"embeddable":true,"href":"https:\/\/www.zkszg-bfs.ch\/index.php?rest_route=%2Fwp%2Fv2%2Fcomments&post=39"}],"version-history":[{"count":10,"href":"https:\/\/www.zkszg-bfs.ch\/index.php?rest_route=\/wp\/v2\/pages\/39\/revisions"}],"predecessor-version":[{"id":1687,"href":"https:\/\/www.zkszg-bfs.ch\/index.php?rest_route=\/wp\/v2\/pages\/39\/revisions\/1687"}],"wp:attachment":[{"href":"https:\/\/www.zkszg-bfs.ch\/index.php?rest_route=%2Fwp%2Fv2%2Fmedia&parent=39"}],"curies":[{"name":"wp","href":"https:\/\/api.w.org\/{rel}","templated":true}]}}