{"id":572,"date":"2017-01-30T22:19:30","date_gmt":"2017-01-30T21:19:30","guid":{"rendered":"http:\/\/www.zkszg-bfs.ch\/?page_id=572"},"modified":"2017-02-01T18:35:22","modified_gmt":"2017-02-01T17:35:22","slug":"inserate","status":"publish","type":"page","link":"https:\/\/www.zkszg-bfs.ch\/?page_id=572","title":{"rendered":"Marktplatz"},"content":{"rendered":"<div id=\"classiwrapper\">\n    \n        <div class=\"uiwelcome\">Hier k\u00f6nnen sie Dinge verkaufen, verschenken, suchen etc.<\/div>\n    \n        <div class=\"awpcp-classifieds-search-bar\" data-breakpoints='{\"tiny\": [0,450]}' data-breakpoints-class-prefix=\"awpcp-classifieds-search-bar\">\n    <form action=\"https:\/\/www.zkszg-bfs.ch\/?page_id=533\" method=\"get\">\n                    <input type=\"hidden\" name=\"page_id\" value=\"533\" \/>\n                <input type=\"hidden\" name=\"awpcp-step\" value=\"dosearch\" \/>\n        <div class=\"awpcp-classifieds-search-bar--query-field\">\n            <label class=\"screen-reader-text\" for=\"awpcp-search-query-field\">Suche nach:<\/label>\n            <input id=\"awpcp-search-query-field\" type=\"text\" name=\"keywordphrase\" \/>\n        <\/div>\n        <div class=\"awpcp-classifieds-search-bar--submit-button\">\n            <input class=\"button\" type=\"submit\" value=\"Suche in Anzeigen\" \/>\n        <\/div>\n        <div class=\"awpcp-classifieds-search-bar--advanced-search-link\"><a href=\"https:\/\/www.zkszg-bfs.ch\/?page_id=533\">Erweiterte Suche <\/a><\/div>\n    <\/form>\n<\/div>\n<ul class=\"awpcp-classifieds-menu awpcp-clearfix\" data-breakpoints='{\"tiny\": [0,400], \"small\": [400,500]}' data-breakpoints-class-prefix=\"awpcp-classifieds-menu\">\n    <li class=\"awpcp-classifieds-menu--menu-item awpcp-classifieds-menu--post-listing-menu-item\">\n        <a class=\"awpcp-classifieds-menu--menu-item-link button\" href=\"https:\/\/www.zkszg-bfs.ch\/?page_id=530\">Anzeige erstellen<\/a>\n    <\/li>\n    <li class=\"awpcp-classifieds-menu--menu-item awpcp-classifieds-menu--edit-listing-menu-item\">\n        <a class=\"awpcp-classifieds-menu--menu-item-link button\" href=\"https:\/\/www.zkszg-bfs.ch\/?page_id=529\">Anzeige bearbeiten<\/a>\n    <\/li>\n<\/ul>\n    \n    <form class=\"awpcp-category-switcher\" method=\"post\" action=\"https:\/\/www.zkszg-bfs.ch\/?page_id=532\">\n        <input type=\"hidden\" name=\"offset\" value=\"0\" \/>\n    \n    <div class=\"awpcp-category-dropdown-container\">\n        <label class=\"awpcp-category-dropdown-label\" for=\"awpcp-category-dropdown-69eccf339780a\">Kategorie<\/label>\n\n\n<select id=\"awpcp-category-dropdown-69eccf339780a\" class=\"awpcp-category-dropdown awpcp-dropdown \" name=\"awpcp_category_id\" data-hash=\"69eccf339780a\" placeholder=\"Alle Kategorien\" data-auto=\"auto\" style=\"width: 100%\">\n        <option class=\"awpcp-dropdown-placeholder\">Alle Kategorien<\/option>\n    <option class=\"dropdownparentcategory\" value=\"14\">Suche<\/option><option class=\"dropdownparentcategory\" value=\"15\">Verkaufen<\/option><option class=\"dropdownparentcategory\" value=\"16\">Verschenken<\/option><\/select>\n\n\n<script type=\"text\/javascript\">var categories_69eccf339780a = {\"mode\":\"basic\",\"select2\":{\"containerCssClass\":\"awpcp-category-dropdown-selection\",\"dropdownCssClass\":\"awpcp-category-dropdown-options\",\"allowClear\":true,\"placeholder\":\"Alle Kategorien\",\"maximumSelectionLength\":100},\"selectedCategoriesIds\":[],\"categoriesHierarchy\":{\"root\":[{\"term_id\":14,\"name\":\"Suche\",\"slug\":\"suche\",\"term_group\":0,\"term_taxonomy_id\":14,\"taxonomy\":\"awpcp_listing_category\",\"description\":\"\",\"parent\":0,\"count\":1,\"filter\":\"raw\"},{\"term_id\":15,\"name\":\"Verkaufen\",\"slug\":\"verkaufen\",\"term_group\":0,\"term_taxonomy_id\":15,\"taxonomy\":\"awpcp_listing_category\",\"description\":\"\",\"parent\":0,\"count\":2,\"filter\":\"raw\"},{\"term_id\":16,\"name\":\"Verschenken\",\"slug\":\"verschenken\",\"term_group\":0,\"term_taxonomy_id\":16,\"taxonomy\":\"awpcp_listing_category\",\"description\":\"\",\"parent\":0,\"count\":1,\"filter\":\"raw\"}]},\"paymentTerms\":[],\"subcategoryLabel\":\"W\\u00e4hlen Sie eine Unterkategorie\"};<\/script>\n    <\/div>\n<\/form>\n<div class=\"awpcp-pagination pager\">\n    \n    <\/div>\n\n    <div class=\"awpcp-listings awpcp-clearboth\">\n        <div class=\"displayaditemseven $isfeaturedclass\">\r\n\t\t\t\t\t\t\t\t<div style=\"width:80px; padding:5px; float:left; margin-right:20px;\">\r\n\t\t\t\t\t\t\t\t\t<a class=\"awpcp-listing-primary-image-listing-link\" href=\"https:\/\/www.zkszg-bfs.ch\/?page_id=527&id=2937\"><img loading=\"lazy\" decoding=\"async\" class=\"awpcp-listing-primary-image-thumbnail awpcp-noimage-placeholder\" alt=\"Suche unbehandelte Schafwolle\" src=\"https:\/\/www.zkszg-bfs.ch\/wp-content\/plugins\/another-wordpress-classifieds-plugin\/resources\/images\/adhasnoimage.png\" width=\"80\" height=\"80\"\/><\/a>\r\n\t\t\t\t\t\t\t\t<\/div>\r\n\t\t\t\t\t\t\t\t<div style=\"width:50%; padding:5px; float:left;\">\r\n\t\t\t\t\t\t\t\t\t<h4><a href=\"https:\/\/www.zkszg-bfs.ch\/?page_id=527&amp;id=2937\">Suche unbehandelte Schafwolle<\/a><\/h4>\r\n\t\t\t\t\t\t\t\t\tIch m\u00f6chte meinen Garten mit Schafwolle d\u00fcngen und suche deshalb Reste vom Scheren. Ich komme die Wolle selbstverst\u00e4ndlich gerne abholen.\r\n\t\t\t\t\t\t\t\t<\/div>\r\n\t\t\t\t\t\t\t\t<div style=\"padding:5px; float:left;\">\r\n\t\t\t\t\t\t\t\t\t25\/05\/2025<br\/>\r\n\t\t\t\t\t\t\t\t\t\r\n\t\t\t\t\t\t\t\t\t\r\n\t\t\t\t\t\t\t\t\tAufrufe: 4<br\/>\r\n\t\t\t\t\t\t\t\t\tPreis: Kostenlos\r\n\t\t\t\t\t\t\t\t\t\r\n\t\t\t\t\t\t\t\t<\/div>\r\n\t\t\t\t\t\t\t\t<span class=\"fixfloat\"><\/span>\r\n\t\t\t\t\t\t\t<\/div>\r\n\t\t\t\t\t\t\t<div class=\"fixfloat\"><\/div><div class=\"displayaditemsodd $isfeaturedclass\">\r\n\t\t\t\t\t\t\t\t<div style=\"width:80px; padding:5px; float:left; margin-right:20px;\">\r\n\t\t\t\t\t\t\t\t\t<a class=\"awpcp-listing-primary-image-listing-link\" href=\"https:\/\/www.zkszg-bfs.ch\/?page_id=527&id=2854\"><img loading=\"lazy\" decoding=\"async\" class=\"awpcp-listing-primary-image-thumbnail awpcp-noimage-placeholder\" alt=\"Weidefl\u00e4che 450m2 Albisrieden Z\u00fcrich\" src=\"https:\/\/www.zkszg-bfs.ch\/wp-content\/plugins\/another-wordpress-classifieds-plugin\/resources\/images\/adhasnoimage.png\" width=\"80\" height=\"80\"\/><\/a>\r\n\t\t\t\t\t\t\t\t<\/div>\r\n\t\t\t\t\t\t\t\t<div style=\"width:50%; padding:5px; float:left;\">\r\n\t\t\t\t\t\t\t\t\t<h4><a href=\"https:\/\/www.zkszg-bfs.ch\/?page_id=527&amp;id=2854\">Weidefl\u00e4che 450m2 Albisrieden Z\u00fcrich<\/a><\/h4>\r\n\t\t\t\t\t\t\t\t\tUngenutztes Gartenareal 450m2 sucht Schafe zur Beweidung. Ich bin im Besitz eines Gartenareals oberhalb von Albisrieden in Z\u00fcrich. Da ich&hellip;\r\n\t\t\t\t\t\t\t\t<\/div>\r\n\t\t\t\t\t\t\t\t<div style=\"padding:5px; float:left;\">\r\n\t\t\t\t\t\t\t\t\t08\/04\/2024<br\/>\r\n\t\t\t\t\t\t\t\t\t\r\n\t\t\t\t\t\t\t\t\t\r\n\t\t\t\t\t\t\t\t\tAufrufe: 67<br\/>\r\n\t\t\t\t\t\t\t\t\tPreis: Kostenlos\r\n\t\t\t\t\t\t\t\t\t\r\n\t\t\t\t\t\t\t\t<\/div>\r\n\t\t\t\t\t\t\t\t<span class=\"fixfloat\"><\/span>\r\n\t\t\t\t\t\t\t<\/div>\r\n\t\t\t\t\t\t\t<div class=\"fixfloat\"><\/div><div class=\"displayaditemseven $isfeaturedclass\">\r\n\t\t\t\t\t\t\t\t<div style=\"width:80px; padding:5px; float:left; margin-right:20px;\">\r\n\t\t\t\t\t\t\t\t\t<a class=\"awpcp-listing-primary-image-listing-link\" href=\"https:\/\/www.zkszg-bfs.ch\/?page_id=527&#038;id=2677\"><img loading=\"lazy\" decoding=\"async\" width=\"80\" height=\"80\" src=\"https:\/\/www.zkszg-bfs.ch\/wp-content\/uploads\/2022\/11\/7dccc407-9bc6-44b3-969d-abd5afdeb009-18cdf9c6-80x80.jpeg\" class=\"awpcp-listing-primary-image-thumbnail\" alt=\"Neue Schaf Schermaschine Heiniger\" style=\"width: 80px;\" srcset=\"https:\/\/www.zkszg-bfs.ch\/wp-content\/uploads\/2022\/11\/7dccc407-9bc6-44b3-969d-abd5afdeb009-18cdf9c6-80x80.jpeg 80w, https:\/\/www.zkszg-bfs.ch\/wp-content\/uploads\/2022\/11\/7dccc407-9bc6-44b3-969d-abd5afdeb009-18cdf9c6-150x150.jpeg 150w, https:\/\/www.zkszg-bfs.ch\/wp-content\/uploads\/2022\/11\/7dccc407-9bc6-44b3-969d-abd5afdeb009-18cdf9c6-180x180.jpeg 180w, https:\/\/www.zkszg-bfs.ch\/wp-content\/uploads\/2022\/11\/7dccc407-9bc6-44b3-969d-abd5afdeb009-18cdf9c6-60x60.jpeg 60w, https:\/\/www.zkszg-bfs.ch\/wp-content\/uploads\/2022\/11\/7dccc407-9bc6-44b3-969d-abd5afdeb009-18cdf9c6-125x125.jpeg 125w, https:\/\/www.zkszg-bfs.ch\/wp-content\/uploads\/2022\/11\/7dccc407-9bc6-44b3-969d-abd5afdeb009-18cdf9c6-200x200.jpeg 200w\" sizes=\"auto, (max-width: 80px) 100vw, 80px\" \/><\/a>\r\n\t\t\t\t\t\t\t\t<\/div>\r\n\t\t\t\t\t\t\t\t<div style=\"width:50%; padding:5px; float:left;\">\r\n\t\t\t\t\t\t\t\t\t<h4><a href=\"https:\/\/www.zkszg-bfs.ch\/?page_id=527&amp;id=2677\">Neue Schaf Schermaschine Heiniger<\/a><\/h4>\r\n\t\t\t\t\t\t\t\t\t2 Speed Schermaschine zu verkaufen mit Messer und Garantie\r\n\t\t\t\t\t\t\t\t<\/div>\r\n\t\t\t\t\t\t\t\t<div style=\"padding:5px; float:left;\">\r\n\t\t\t\t\t\t\t\t\t24\/11\/2022<br\/>\r\n\t\t\t\t\t\t\t\t\t\r\n\t\t\t\t\t\t\t\t\t\r\n\t\t\t\t\t\t\t\t\tAufrufe: 42<br\/>\r\n\t\t\t\t\t\t\t\t\tPreis: CHF 350,00\r\n\t\t\t\t\t\t\t\t\t\r\n\t\t\t\t\t\t\t\t<\/div>\r\n\t\t\t\t\t\t\t\t<span class=\"fixfloat\"><\/span>\r\n\t\t\t\t\t\t\t<\/div>\r\n\t\t\t\t\t\t\t<div class=\"fixfloat\"><\/div><div class=\"displayaditemsodd $isfeaturedclass\">\r\n\t\t\t\t\t\t\t\t<div style=\"width:80px; padding:5px; float:left; margin-right:20px;\">\r\n\t\t\t\t\t\t\t\t\t<a class=\"awpcp-listing-primary-image-listing-link\" href=\"https:\/\/www.zkszg-bfs.ch\/?page_id=527&#038;id=2512\"><img loading=\"lazy\" decoding=\"async\" width=\"80\" height=\"80\" src=\"https:\/\/www.zkszg-bfs.ch\/wp-content\/uploads\/2021\/11\/0fc92607-6916-481f-9573-4b0992bc4a14-fca47a54-80x80.jpeg\" class=\"awpcp-listing-primary-image-thumbnail\" alt=\"L\u00e4mmer und Auen zu verkaufen alle sind maximal punktiert\" style=\"width: 80px;\" srcset=\"https:\/\/www.zkszg-bfs.ch\/wp-content\/uploads\/2021\/11\/0fc92607-6916-481f-9573-4b0992bc4a14-fca47a54-80x80.jpeg 80w, https:\/\/www.zkszg-bfs.ch\/wp-content\/uploads\/2021\/11\/0fc92607-6916-481f-9573-4b0992bc4a14-fca47a54-150x150.jpeg 150w, https:\/\/www.zkszg-bfs.ch\/wp-content\/uploads\/2021\/11\/0fc92607-6916-481f-9573-4b0992bc4a14-fca47a54-180x180.jpeg 180w, https:\/\/www.zkszg-bfs.ch\/wp-content\/uploads\/2021\/11\/0fc92607-6916-481f-9573-4b0992bc4a14-fca47a54-60x60.jpeg 60w, https:\/\/www.zkszg-bfs.ch\/wp-content\/uploads\/2021\/11\/0fc92607-6916-481f-9573-4b0992bc4a14-fca47a54-125x125.jpeg 125w, https:\/\/www.zkszg-bfs.ch\/wp-content\/uploads\/2021\/11\/0fc92607-6916-481f-9573-4b0992bc4a14-fca47a54-200x200.jpeg 200w\" sizes=\"auto, (max-width: 80px) 100vw, 80px\" \/><\/a>\r\n\t\t\t\t\t\t\t\t<\/div>\r\n\t\t\t\t\t\t\t\t<div style=\"width:50%; padding:5px; float:left;\">\r\n\t\t\t\t\t\t\t\t\t<h4><a href=\"https:\/\/www.zkszg-bfs.ch\/?page_id=527&amp;id=2512\">L\u00e4mmer und Auen zu verkaufen alle sind maximal punktiert<\/a><\/h4>\r\n\t\t\t\t\t\t\t\t\tBFS zu verkaufen\r\n\t\t\t\t\t\t\t\t<\/div>\r\n\t\t\t\t\t\t\t\t<div style=\"padding:5px; float:left;\">\r\n\t\t\t\t\t\t\t\t\t07\/11\/2021<br\/>\r\n\t\t\t\t\t\t\t\t\t\r\n\t\t\t\t\t\t\t\t\t\r\n\t\t\t\t\t\t\t\t\tAufrufe: 198<br\/>\r\n\t\t\t\t\t\t\t\t\tPreis: Kostenlos\r\n\t\t\t\t\t\t\t\t\t\r\n\t\t\t\t\t\t\t\t<\/div>\r\n\t\t\t\t\t\t\t\t<span class=\"fixfloat\"><\/span>\r\n\t\t\t\t\t\t\t<\/div>\r\n\t\t\t\t\t\t\t<div class=\"fixfloat\"><\/div>    <\/div>\n\n    <div class=\"awpcp-pagination pager\">\n    \n        <form class=\"awpcp-pagination-form\" method=\"get\">\n        <input type=\"hidden\" name=\"rest_route\" value=\"\/wp\/v2\/pages\/572\" \/>\n        \n        <label for=\"awpcp-pagination-results-0-62860400-1777127219\">Anzeigen pro Seite<\/label>\n\n        <select id=\"awpcp-pagination-results-0-62860400-1777127219\" name=\"results\">\n                                <option value=\"5\">5<\/option>\n                                            <option value=\"10\" selected=\"selected\">10<\/option>\n                                            <option value=\"20\">20<\/option>\n                                            <option value=\"30\">30<\/option>\n                                            <option value=\"40\">40<\/option>\n                                            <option value=\"50\">50<\/option>\n                                            <option value=\"60\">60<\/option>\n                                            <option value=\"70\">70<\/option>\n                                            <option value=\"80\">80<\/option>\n                                            <option value=\"90\">90<\/option>\n                                            <option value=\"100\">100<\/option>\n                                            <option value=\"500\">500<\/option>\n                            <\/select>\n\n            <\/form>\n    <\/div>\n<\/div>\n\n","protected":false},"excerpt":{"rendered":"","protected":false},"author":1,"featured_media":0,"parent":0,"menu_order":0,"comment_status":"closed","ping_status":"closed","template":"","meta":{"ngg_post_thumbnail":0,"footnotes":""},"class_list":["post-572","page","type-page","status-publish","hentry"],"_links":{"self":[{"href":"https:\/\/www.zkszg-bfs.ch\/index.php?rest_route=\/wp\/v2\/pages\/572","targetHints":{"allow":["GET"]}}],"collection":[{"href":"https:\/\/www.zkszg-bfs.ch\/index.php?rest_route=\/wp\/v2\/pages"}],"about":[{"href":"https:\/\/www.zkszg-bfs.ch\/index.php?rest_route=\/wp\/v2\/types\/page"}],"author":[{"embeddable":true,"href":"https:\/\/www.zkszg-bfs.ch\/index.php?rest_route=\/wp\/v2\/users\/1"}],"replies":[{"embeddable":true,"href":"https:\/\/www.zkszg-bfs.ch\/index.php?rest_route=%2Fwp%2Fv2%2Fcomments&post=572"}],"version-history":[{"count":2,"href":"https:\/\/www.zkszg-bfs.ch\/index.php?rest_route=\/wp\/v2\/pages\/572\/revisions"}],"predecessor-version":[{"id":577,"href":"https:\/\/www.zkszg-bfs.ch\/index.php?rest_route=\/wp\/v2\/pages\/572\/revisions\/577"}],"wp:attachment":[{"href":"https:\/\/www.zkszg-bfs.ch\/index.php?rest_route=%2Fwp%2Fv2%2Fmedia&parent=572"}],"curies":[{"name":"wp","href":"https:\/\/api.w.org\/{rel}","templated":true}]}}